{"id":7,"date":"2024-07-29T14:41:26","date_gmt":"2024-07-29T12:41:26","guid":{"rendered":"https:\/\/aubracenscene.fr\/?page_id=7"},"modified":"2026-02-18T15:16:04","modified_gmt":"2026-02-18T14:16:04","slug":"accueil","status":"publish","type":"page","link":"https:\/\/aubracenscene.fr\/","title":{"rendered":"Accueil"},"content":{"rendered":"\t\t<div data-elementor-type=\"wp-page\" data-elementor-id=\"7\" class=\"elementor elementor-7\" data-elementor-post-type=\"page\">\n\t\t\t\t<div class=\"elementor-element elementor-element-867bbae e-flex e-con-boxed e-con e-parent\" data-id=\"867bbae\" data-element_type=\"container\" data-settings=\"{&quot;background_background&quot;:&quot;classic&quot;}\">\n\t\t\t\t\t<div class=\"e-con-inner\">\n\t\t\t\t\t<\/div>\n\t\t\t\t<\/div>\n\t\t<div class=\"elementor-element elementor-element-0ded0c3 e-flex e-con-boxed e-con e-parent\" data-id=\"0ded0c3\" data-element_type=\"container\">\n\t\t\t\t\t<div class=\"e-con-inner\">\n\t\t\t\t<div class=\"elementor-element elementor-element-1216259 elementor-widget elementor-widget-heading\" data-id=\"1216259\" data-element_type=\"widget\" data-widget_type=\"heading.default\">\n\t\t\t\t<div class=\"elementor-widget-container\">\n\t\t\t\t\t<h2 class=\"elementor-heading-title elementor-size-default\">Aubrac F\u00e9mina 2026 <\/h2>\t\t\t\t<\/div>\n\t\t\t\t<\/div>\n\t\t\t\t<div class=\"elementor-element elementor-element-bfc89d7 elementor-widget elementor-widget-heading\" data-id=\"bfc89d7\" data-element_type=\"widget\" data-widget_type=\"heading.default\">\n\t\t\t\t<div class=\"elementor-widget-container\">\n\t\t\t\t\t<h2 class=\"elementor-heading-title elementor-size-default\">1er Salon du talent f\u00e9minin<\/h2>\t\t\t\t<\/div>\n\t\t\t\t<\/div>\n\t\t\t\t<div class=\"elementor-element elementor-element-49db3dd elementor-align-center elementor-widget elementor-widget-button\" data-id=\"49db3dd\" data-element_type=\"widget\" data-widget_type=\"button.default\">\n\t\t\t\t<div class=\"elementor-widget-container\">\n\t\t\t\t\t\t\t\t\t<div class=\"elementor-button-wrapper\">\n\t\t\t\t\t<a class=\"elementor-button elementor-button-link elementor-size-sm\" href=\"https:\/\/forms.gle\/1wnCfnFUau3kEaa28\" target=\"_blank\">\n\t\t\t\t\t\t<span class=\"elementor-button-content-wrapper\">\n\t\t\t\t\t\t\t\t\t<span class=\"elementor-button-text\">S'inscrire \u00e0 Aubrac Femina 2026<\/span>\n\t\t\t\t\t<\/span>\n\t\t\t\t\t<\/a>\n\t\t\t\t<\/div>\n\t\t\t\t\t\t\t\t<\/div>\n\t\t\t\t<\/div>\n\t\t\t\t<div class=\"elementor-element elementor-element-4d9b444 elementor-widget elementor-widget-text-editor\" data-id=\"4d9b444\" data-element_type=\"widget\" data-widget_type=\"text-editor.default\">\n\t\t\t\t<div class=\"elementor-widget-container\">\n\t\t\t\t\t\t\t\t\t<p>Pour s\u2019inscrire au salon, une participation de 30\u20ac sera demand\u00e9e, montant \u00e0 r\u00e9gler par ch\u00e8que au nom de l\u2019association Aubrac en sc\u00e8ne et \u00e0 envoyer \u00e0\u00a0:<br \/><br \/><br \/>Mairie de Cantoin<br \/>10 Place de la mairie<br \/>12420 CANTOIN<\/p>\t\t\t\t\t\t\t\t<\/div>\n\t\t\t\t<\/div>\n\t\t\t\t<div class=\"elementor-element elementor-element-de73fbd elementor-widget elementor-widget-text-editor\" data-id=\"de73fbd\" data-element_type=\"widget\" data-widget_type=\"text-editor.default\">\n\t\t\t\t<div class=\"elementor-widget-container\">\n\t\t\t\t\t\t\t\t\t<p>Faites rayonner votre talent. Le <strong>12 septembre 2026<\/strong>, le village de <strong>Cantoin<\/strong> accueille <strong>Aubrac F\u00e9mina 2026<\/strong>, un \u00e9v\u00e9nement port\u00e9 par l\u2019association <strong>Aubrac en Sc\u00e8ne<\/strong> et la <strong>Mairie de Cantoin<\/strong>, d\u00e9di\u00e9 <strong>aux<\/strong> <strong>femmes de talent <\/strong>des d\u00e9partements de l\u2019Aveyron, du Cantal et de la Loz\u00e8re.<\/p><p>Cet \u00e9v\u00e9nement a pour ambition de <strong>mettre \u00e0 l\u2019honneur les femmes de talent<\/strong> qui font vivre, innovent et font rayonner notre territoire. Nous souhaitons rassembler des femmes issues de <strong>tous les domaines d\u2019activit\u00e9<\/strong> \u2013 artisanat, agriculture, culture, arts, bien-\u00eatre, entrepreneuriat, sciences, transmission des savoirs, engagement associatif, cr\u00e9ation, innovation ou encore m\u00e9tiers traditionnels<\/p><p>Pendant cette journ\u00e9e, <strong>Aubrac F\u00e9mina 2026<\/strong> proposera un programme riche et accessible \u00e0 tous :<\/p><ul><li>des <strong>stands de pr\u00e9sentation et de d\u00e9monstration et de vente<\/strong>,<\/li><li>des <strong>conf\u00e9rences et temps d\u2019\u00e9change<\/strong>,<\/li><li>des <strong>animations et jeux pour enfants<\/strong>,<\/li><li>des <strong>concerts<\/strong> venant rythmer l\u2019\u00e9v\u00e9nement et cr\u00e9er des temps de convivialit\u00e9 et de partage.<\/li><\/ul><p>Au-del\u00e0 d\u2019un simple rassemblement, <strong>Aubrac F\u00e9mina 2026<\/strong> se veut un <strong>espace de visibilit\u00e9, de rencontres et de valorisation<\/strong>, permettant aux femmes de talents de faire conna\u00eetre leur savoir-faire, leurs projets et leurs parcours, tout en contribuant au dynamisme et \u00e0 l\u2019attractivit\u00e9 du territoire de l\u2019Aubrac.<\/p><p>Nous lan\u00e7ons aujourd\u2019hui un <strong>appel \u00e0 participation<\/strong> aupr\u00e8s de toutes les femmes d\u00e9sireuses de s\u2019impliquer dans cette aventure collective, de partager leur passion et de prendre part \u00e0 un \u00e9v\u00e9nement porteur de sens, ancr\u00e9 dans les valeurs de <strong>solidarit\u00e9, de transmission et de fiert\u00e9 territoriale<\/strong>.<\/p><p>Si vous \u00eates une femme de talent, <strong>Aubrac F\u00e9mina 2026 est fait pour vous<\/strong>.<\/p><p>Afin de pr\u00e9parer au mieux cet \u00e9v\u00e8nement, nous vous remercions de bien vouloir remplir le questionnaire pr\u00e9sent sur le site.<\/p>\t\t\t\t\t\t\t\t<\/div>\n\t\t\t\t<\/div>\n\t\t\t\t<div class=\"elementor-element elementor-element-842930b elementor-align-center elementor-widget elementor-widget-button\" data-id=\"842930b\" data-element_type=\"widget\" data-widget_type=\"button.default\">\n\t\t\t\t<div class=\"elementor-widget-container\">\n\t\t\t\t\t\t\t\t\t<div class=\"elementor-button-wrapper\">\n\t\t\t\t\t<a class=\"elementor-button elementor-button-link elementor-size-sm\" href=\"https:\/\/forms.gle\/1wnCfnFUau3kEaa28\" target=\"_blank\">\n\t\t\t\t\t\t<span class=\"elementor-button-content-wrapper\">\n\t\t\t\t\t\t\t\t\t<span class=\"elementor-button-text\">S'inscrire \u00e0 Aubrac Femina 2026<\/span>\n\t\t\t\t\t<\/span>\n\t\t\t\t\t<\/a>\n\t\t\t\t<\/div>\n\t\t\t\t\t\t\t\t<\/div>\n\t\t\t\t<\/div>\n\t\t\t\t\t<\/div>\n\t\t\t\t<\/div>\n\t\t<div class=\"elementor-element elementor-element-a436d85 e-flex e-con-boxed e-con e-parent\" data-id=\"a436d85\" data-element_type=\"container\">\n\t\t\t\t\t<div class=\"e-con-inner\">\n\t\t\t\t<div class=\"elementor-element elementor-element-f1fa546 elementor-widget elementor-widget-image\" data-id=\"f1fa546\" data-element_type=\"widget\" data-widget_type=\"image.default\">\n\t\t\t\t<div class=\"elementor-widget-container\">\n\t\t\t\t\t\t\t\t\t\t\t\t\t\t\t<img fetchpriority=\"high\" decoding=\"async\" width=\"775\" height=\"1024\" src=\"https:\/\/aubracenscene.fr\/wp-content\/uploads\/2026\/02\/AFFICHE-MAQUETTE-5-Light2-775x1024.jpg\" class=\"attachment-large size-large wp-image-679\" alt=\"\" srcset=\"https:\/\/aubracenscene.fr\/wp-content\/uploads\/2026\/02\/AFFICHE-MAQUETTE-5-Light2-775x1024.jpg 775w, https:\/\/aubracenscene.fr\/wp-content\/uploads\/2026\/02\/AFFICHE-MAQUETTE-5-Light2-227x300.jpg 227w, https:\/\/aubracenscene.fr\/wp-content\/uploads\/2026\/02\/AFFICHE-MAQUETTE-5-Light2-768x1015.jpg 768w, https:\/\/aubracenscene.fr\/wp-content\/uploads\/2026\/02\/AFFICHE-MAQUETTE-5-Light2.jpg 1136w\" sizes=\"(max-width: 775px) 100vw, 775px\" \/>\t\t\t\t\t\t\t\t\t\t\t\t\t\t\t<\/div>\n\t\t\t\t<\/div>\n\t\t\t\t\t<\/div>\n\t\t\t\t<\/div>\n\t\t\t\t<\/div>\n\t\t","protected":false},"excerpt":{"rendered":"<p>Aubrac F\u00e9mina 2026 1er Salon du talent f\u00e9minin S&rsquo;inscrire \u00e0 Aubrac Femina 2026 Pour s\u2019inscrire au salon, une participation de 30\u20ac sera demand\u00e9e, montant \u00e0 r\u00e9gler par ch\u00e8que au nom de l\u2019association Aubrac en sc\u00e8ne et \u00e0 envoyer \u00e0\u00a0: Mairie de Cantoin10 Place de la mairie12420 CANTOIN Faites rayonner votre talent. Le 12 septembre 2026, &#8230; <a title=\"Accueil\" class=\"read-more\" href=\"https:\/\/aubracenscene.fr\/\" aria-label=\"En savoir plus sur Accueil\">Lire la suite<\/a><\/p>\n","protected":false},"author":1,"featured_media":0,"parent":0,"menu_order":0,"comment_status":"closed","ping_status":"closed","template":"elementor_header_footer","meta":{"footnotes":""},"class_list":["post-7","page","type-page","status-publish"],"yoast_head":"<!-- This site is optimized with the Yoast SEO plugin v26.7 - https:\/\/yoast.com\/wordpress\/plugins\/seo\/ -->\n<title>Accueil - Aubrac en sc\u00e8ne<\/title>\n<meta name=\"description\" content=\"Le Festival Aubrac en Sc\u00e8ne ! D\u00e9couvrez artistes, musiciens et artisans locaux dans un cadre unique. Ne manquer pas cet \u00e9v\u00e8nement !\" \/>\n<meta name=\"robots\" content=\"index, follow, max-snippet:-1, max-image-preview:large, max-video-preview:-1\" \/>\n<link rel=\"canonical\" href=\"https:\/\/aubracenscene.fr\/\" \/>\n<meta property=\"og:locale\" content=\"fr_FR\" \/>\n<meta property=\"og:type\" content=\"article\" \/>\n<meta property=\"og:title\" content=\"Accueil - Aubrac en sc\u00e8ne\" \/>\n<meta property=\"og:description\" content=\"Le Festival Aubrac en Sc\u00e8ne ! D\u00e9couvrez artistes, musiciens et artisans locaux dans un cadre unique. Ne manquer pas cet \u00e9v\u00e8nement !\" \/>\n<meta property=\"og:url\" content=\"https:\/\/aubracenscene.fr\/\" \/>\n<meta property=\"og:site_name\" content=\"Aubrac en sc\u00e8ne\" \/>\n<meta property=\"article:modified_time\" content=\"2026-02-18T14:16:04+00:00\" \/>\n<meta property=\"og:image\" content=\"http:\/\/aubracenscene.fr\/wp-content\/uploads\/2026\/02\/AFFICHE-MAQUETTE-5-Light2-775x1024.jpg\" \/>\n<meta name=\"twitter:card\" content=\"summary_large_image\" \/>\n<meta name=\"twitter:label1\" content=\"Dur\u00e9e de lecture estim\u00e9e\" \/>\n\t<meta name=\"twitter:data1\" content=\"2 minutes\" \/>\n<script type=\"application\/ld+json\" class=\"yoast-schema-graph\">{\"@context\":\"https:\/\/schema.org\",\"@graph\":[{\"@type\":\"WebPage\",\"@id\":\"https:\/\/aubracenscene.fr\/\",\"url\":\"https:\/\/aubracenscene.fr\/\",\"name\":\"Accueil - Aubrac en sc\u00e8ne\",\"isPartOf\":{\"@id\":\"https:\/\/aubracenscene.fr\/#website\"},\"primaryImageOfPage\":{\"@id\":\"https:\/\/aubracenscene.fr\/#primaryimage\"},\"image\":{\"@id\":\"https:\/\/aubracenscene.fr\/#primaryimage\"},\"thumbnailUrl\":\"http:\/\/aubracenscene.fr\/wp-content\/uploads\/2026\/02\/AFFICHE-MAQUETTE-5-Light2-775x1024.jpg\",\"datePublished\":\"2024-07-29T12:41:26+00:00\",\"dateModified\":\"2026-02-18T14:16:04+00:00\",\"description\":\"Le Festival Aubrac en Sc\u00e8ne ! D\u00e9couvrez artistes, musiciens et artisans locaux dans un cadre unique. Ne manquer pas cet \u00e9v\u00e8nement !\",\"breadcrumb\":{\"@id\":\"https:\/\/aubracenscene.fr\/#breadcrumb\"},\"inLanguage\":\"fr-FR\",\"potentialAction\":[{\"@type\":\"ReadAction\",\"target\":[\"https:\/\/aubracenscene.fr\/\"]}]},{\"@type\":\"ImageObject\",\"inLanguage\":\"fr-FR\",\"@id\":\"https:\/\/aubracenscene.fr\/#primaryimage\",\"url\":\"https:\/\/aubracenscene.fr\/wp-content\/uploads\/2026\/02\/AFFICHE-MAQUETTE-5-Light2.jpg\",\"contentUrl\":\"https:\/\/aubracenscene.fr\/wp-content\/uploads\/2026\/02\/AFFICHE-MAQUETTE-5-Light2.jpg\",\"width\":1136,\"height\":1501},{\"@type\":\"BreadcrumbList\",\"@id\":\"https:\/\/aubracenscene.fr\/#breadcrumb\",\"itemListElement\":[{\"@type\":\"ListItem\",\"position\":1,\"name\":\"Accueil\",\"item\":\"https:\/\/aubracenscene.fr\/\"},{\"@type\":\"ListItem\",\"position\":2,\"name\":\"Accueil\"}]},{\"@type\":\"WebSite\",\"@id\":\"https:\/\/aubracenscene.fr\/#website\",\"url\":\"https:\/\/aubracenscene.fr\/\",\"name\":\"Aubrac en sc\u00e8ne\",\"description\":\"Le festival de savoir vivre ensemble\",\"publisher\":{\"@id\":\"https:\/\/aubracenscene.fr\/#organization\"},\"potentialAction\":[{\"@type\":\"SearchAction\",\"target\":{\"@type\":\"EntryPoint\",\"urlTemplate\":\"https:\/\/aubracenscene.fr\/?s={search_term_string}\"},\"query-input\":{\"@type\":\"PropertyValueSpecification\",\"valueRequired\":true,\"valueName\":\"search_term_string\"}}],\"inLanguage\":\"fr-FR\"},{\"@type\":\"Organization\",\"@id\":\"https:\/\/aubracenscene.fr\/#organization\",\"name\":\"Aubrac en sc\u00e8ne\",\"url\":\"https:\/\/aubracenscene.fr\/\",\"logo\":{\"@type\":\"ImageObject\",\"inLanguage\":\"fr-FR\",\"@id\":\"https:\/\/aubracenscene.fr\/#\/schema\/logo\/image\/\",\"url\":\"https:\/\/aubracenscene.fr\/wp-content\/uploads\/2024\/07\/AES_LogoTypo_Web.png\",\"contentUrl\":\"https:\/\/aubracenscene.fr\/wp-content\/uploads\/2024\/07\/AES_LogoTypo_Web.png\",\"width\":300,\"height\":300,\"caption\":\"Aubrac en sc\u00e8ne\"},\"image\":{\"@id\":\"https:\/\/aubracenscene.fr\/#\/schema\/logo\/image\/\"}}]}<\/script>\n<!-- \/ Yoast SEO plugin. -->","yoast_head_json":{"title":"Accueil - Aubrac en sc\u00e8ne","description":"Le Festival Aubrac en Sc\u00e8ne ! D\u00e9couvrez artistes, musiciens et artisans locaux dans un cadre unique. Ne manquer pas cet \u00e9v\u00e8nement !","robots":{"index":"index","follow":"follow","max-snippet":"max-snippet:-1","max-image-preview":"max-image-preview:large","max-video-preview":"max-video-preview:-1"},"canonical":"https:\/\/aubracenscene.fr\/","og_locale":"fr_FR","og_type":"article","og_title":"Accueil - Aubrac en sc\u00e8ne","og_description":"Le Festival Aubrac en Sc\u00e8ne ! D\u00e9couvrez artistes, musiciens et artisans locaux dans un cadre unique. Ne manquer pas cet \u00e9v\u00e8nement !","og_url":"https:\/\/aubracenscene.fr\/","og_site_name":"Aubrac en sc\u00e8ne","article_modified_time":"2026-02-18T14:16:04+00:00","og_image":[{"url":"http:\/\/aubracenscene.fr\/wp-content\/uploads\/2026\/02\/AFFICHE-MAQUETTE-5-Light2-775x1024.jpg","type":"","width":"","height":""}],"twitter_card":"summary_large_image","twitter_misc":{"Dur\u00e9e de lecture estim\u00e9e":"2 minutes"},"schema":{"@context":"https:\/\/schema.org","@graph":[{"@type":"WebPage","@id":"https:\/\/aubracenscene.fr\/","url":"https:\/\/aubracenscene.fr\/","name":"Accueil - Aubrac en sc\u00e8ne","isPartOf":{"@id":"https:\/\/aubracenscene.fr\/#website"},"primaryImageOfPage":{"@id":"https:\/\/aubracenscene.fr\/#primaryimage"},"image":{"@id":"https:\/\/aubracenscene.fr\/#primaryimage"},"thumbnailUrl":"http:\/\/aubracenscene.fr\/wp-content\/uploads\/2026\/02\/AFFICHE-MAQUETTE-5-Light2-775x1024.jpg","datePublished":"2024-07-29T12:41:26+00:00","dateModified":"2026-02-18T14:16:04+00:00","description":"Le Festival Aubrac en Sc\u00e8ne ! D\u00e9couvrez artistes, musiciens et artisans locaux dans un cadre unique. Ne manquer pas cet \u00e9v\u00e8nement !","breadcrumb":{"@id":"https:\/\/aubracenscene.fr\/#breadcrumb"},"inLanguage":"fr-FR","potentialAction":[{"@type":"ReadAction","target":["https:\/\/aubracenscene.fr\/"]}]},{"@type":"ImageObject","inLanguage":"fr-FR","@id":"https:\/\/aubracenscene.fr\/#primaryimage","url":"https:\/\/aubracenscene.fr\/wp-content\/uploads\/2026\/02\/AFFICHE-MAQUETTE-5-Light2.jpg","contentUrl":"https:\/\/aubracenscene.fr\/wp-content\/uploads\/2026\/02\/AFFICHE-MAQUETTE-5-Light2.jpg","width":1136,"height":1501},{"@type":"BreadcrumbList","@id":"https:\/\/aubracenscene.fr\/#breadcrumb","itemListElement":[{"@type":"ListItem","position":1,"name":"Accueil","item":"https:\/\/aubracenscene.fr\/"},{"@type":"ListItem","position":2,"name":"Accueil"}]},{"@type":"WebSite","@id":"https:\/\/aubracenscene.fr\/#website","url":"https:\/\/aubracenscene.fr\/","name":"Aubrac en sc\u00e8ne","description":"Le festival de savoir vivre ensemble","publisher":{"@id":"https:\/\/aubracenscene.fr\/#organization"},"potentialAction":[{"@type":"SearchAction","target":{"@type":"EntryPoint","urlTemplate":"https:\/\/aubracenscene.fr\/?s={search_term_string}"},"query-input":{"@type":"PropertyValueSpecification","valueRequired":true,"valueName":"search_term_string"}}],"inLanguage":"fr-FR"},{"@type":"Organization","@id":"https:\/\/aubracenscene.fr\/#organization","name":"Aubrac en sc\u00e8ne","url":"https:\/\/aubracenscene.fr\/","logo":{"@type":"ImageObject","inLanguage":"fr-FR","@id":"https:\/\/aubracenscene.fr\/#\/schema\/logo\/image\/","url":"https:\/\/aubracenscene.fr\/wp-content\/uploads\/2024\/07\/AES_LogoTypo_Web.png","contentUrl":"https:\/\/aubracenscene.fr\/wp-content\/uploads\/2024\/07\/AES_LogoTypo_Web.png","width":300,"height":300,"caption":"Aubrac en sc\u00e8ne"},"image":{"@id":"https:\/\/aubracenscene.fr\/#\/schema\/logo\/image\/"}}]}},"_links":{"self":[{"href":"https:\/\/aubracenscene.fr\/index.php\/wp-json\/wp\/v2\/pages\/7","targetHints":{"allow":["GET"]}}],"collection":[{"href":"https:\/\/aubracenscene.fr\/index.php\/wp-json\/wp\/v2\/pages"}],"about":[{"href":"https:\/\/aubracenscene.fr\/index.php\/wp-json\/wp\/v2\/types\/page"}],"author":[{"embeddable":true,"href":"https:\/\/aubracenscene.fr\/index.php\/wp-json\/wp\/v2\/users\/1"}],"replies":[{"embeddable":true,"href":"https:\/\/aubracenscene.fr\/index.php\/wp-json\/wp\/v2\/comments?post=7"}],"version-history":[{"count":115,"href":"https:\/\/aubracenscene.fr\/index.php\/wp-json\/wp\/v2\/pages\/7\/revisions"}],"predecessor-version":[{"id":682,"href":"https:\/\/aubracenscene.fr\/index.php\/wp-json\/wp\/v2\/pages\/7\/revisions\/682"}],"wp:attachment":[{"href":"https:\/\/aubracenscene.fr\/index.php\/wp-json\/wp\/v2\/media?parent=7"}],"curies":[{"name":"wp","href":"https:\/\/api.w.org\/{rel}","templated":true}]}}